{"id":51,"date":"2025-10-01T11:38:04","date_gmt":"2025-10-01T11:38:04","guid":{"rendered":"https:\/\/pdfstamper.fr\/?page_id=51"},"modified":"2025-10-02T13:57:09","modified_gmt":"2025-10-02T13:57:09","slug":"telechargement","status":"publish","type":"page","link":"https:\/\/pdfstamper.fr\/index.php\/telechargement\/","title":{"rendered":"T\u00e9l\u00e9chargement"},"content":{"rendered":"<div data-colibri-id=\"51-c1\" class=\"style-448 style-local-51-c1 position-relative\">\n  <!---->\n  <div data-colibri-component=\"section\" data-colibri-id=\"51-c2\" id=\"custom\" class=\"h-section h-section-global-spacing d-flex align-items-lg-center align-items-md-center align-items-center style-449 style-local-51-c2 position-relative\">\n    <!---->\n    <!---->\n    <div class=\"h-section-grid-container h-section-boxed-container\">\n      <!---->\n      <div data-colibri-id=\"51-c3\" class=\"h-row-container gutters-row-lg-2 gutters-row-md-2 gutters-row-0 gutters-row-v-lg-2 gutters-row-v-md-2 gutters-row-v-2 style-450 style-local-51-c3 position-relative\">\n        <!---->\n        <div class=\"h-row justify-content-lg-center justify-content-md-center justify-content-center align-items-lg-stretch align-items-md-stretch align-items-stretch gutters-col-lg-2 gutters-col-md-2 gutters-col-0 gutters-col-v-lg-2 gutters-col-v-md-2 gutters-col-v-2\">\n          <!---->\n          <div class=\"h-column h-column-container d-flex h-col-lg-auto h-col-md-auto h-col-auto style-451-outer style-local-51-c4-outer\">\n            <div data-colibri-id=\"51-c4\" class=\"d-flex h-flex-basis h-column__inner h-px-lg-2 h-px-md-2 h-px-2 v-inner-lg-2 v-inner-md-2 v-inner-2 style-451 style-local-51-c4 position-relative\">\n              <!---->\n              <!---->\n              <div class=\"w-100 h-y-container h-column__content h-column__v-align flex-basis-100 align-self-lg-start align-self-md-start align-self-start\">\n                <!---->\n                <div data-colibri-id=\"51-c5\" class=\"h-global-transition-all h-heading style-454 style-local-51-c5 position-relative h-element\">\n                  <!---->\n                  <div class=\"h-heading__outer style-454 style-local-51-c5\">\n                    <!---->\n                    <!---->\n                    <h4 class=\"\">Version 2.1 &#8211; 64 bits :<\/h4>\n                  <\/div>\n                <\/div>\n                <div data-colibri-id=\"51-c6\" class=\"h-text h-text-component style-455 style-local-51-c6 position-relative h-element\">\n                  <!---->\n                  <!---->\n                  <div class=\"\">\n                    <p>Pour MacOS 10.12 et sup\u00e9rieurs<\/p>\n                  <\/div>\n                <\/div>\n              <\/div>\n            <\/div>\n          <\/div>\n          <div class=\"h-column h-column-container d-flex h-col-lg-auto h-col-md-auto h-col-auto style-452-outer style-local-51-c7-outer\">\n            <div data-colibri-id=\"51-c7\" class=\"d-flex h-flex-basis h-column__inner h-px-lg-2 h-px-md-2 h-px-2 v-inner-lg-2 v-inner-md-2 v-inner-2 style-452 style-local-51-c7 position-relative\">\n              <!---->\n              <!---->\n              <div class=\"w-100 h-y-container h-column__content h-column__v-align flex-basis-100 align-self-lg-start align-self-md-start align-self-start\">\n                <!---->\n                <div data-colibri-id=\"51-c8\" class=\"h-icon style-457 style-local-51-c8 position-relative h-element\">\n                  <!----><span class=\"h-svg-icon h-icon__icon style-457-icon style-local-51-c8-icon\"><!--Icon by Foundation Icons (https:\/\/zurb.com\/playground\/foundation-icon-fonts-3)--><svg version=\"1.1\" xmlns=\"http:\/\/www.w3.org\/2000\/svg\" xmlns:xlink=\"http:\/\/www.w3.org\/1999\/xlink\" id=\"social-apple\" viewBox=\"0 0 352 512.5\"><path d=\"M340 189.25c-69 38-58 137 12 163-10 21-15 30-27 49-17 26-41 60-71 60-27 0-35-18-71-18s-43 18-70 18c-30 0-54-30-71-56-48-74-53-160-23-206 21-33 55-52 86-52 32 0 52 18 78 18s41-18 78-18c28 0 58 16 79 42zm-107-71c-14 18-39 33-63 32-4-24 7-48 21-65 15-18 40-32 62-34 4 25-7 50-20 67z\"><\/path><\/svg><\/span><\/div>\n              <\/div>\n            <\/div>\n          <\/div>\n          <div class=\"h-column h-column-container d-flex h-col-lg-auto h-col-md-auto h-col-auto style-453-outer style-local-51-c9-outer\">\n            <div data-colibri-id=\"51-c9\" class=\"d-flex h-flex-basis h-column__inner h-px-lg-2 h-px-md-2 h-px-2 v-inner-lg-2 v-inner-md-2 v-inner-2 style-453 style-local-51-c9 position-relative\">\n              <!---->\n              <!---->\n              <div class=\"w-100 h-y-container h-column__content h-column__v-align flex-basis-100 align-self-lg-center align-self-md-center align-self-center\">\n                <!---->\n                <div data-colibri-id=\"51-c10\" class=\"h-x-container style-458 style-local-51-c10 position-relative h-element\">\n                  <!---->\n                  <div class=\"h-x-container-inner style-dynamic-51-c10-group style-458-spacing style-local-51-c10-spacing\"><span class=\"h-button__outer style-459-outer style-local-51-c11-outer d-inline-flex h-element\"><a h-use-smooth-scroll=\"true\" href=\"https:\/\/pdfstamper.fr\/STAMPER_UPDATE\/PdfStamper2.1.2.dmg\"  data-colibri-id=\"51-c11\" class=\"d-flex w-100 align-items-center h-button justify-content-lg-center justify-content-md-center justify-content-center style-459 style-local-51-c11 position-relative\"><!----><!----> <span>T\u00e9l\u00e9charger Version Mac<\/span><\/a>\n                    <\/span>\n                  <\/div>\n                <\/div>\n              <\/div>\n            <\/div>\n          <\/div>\n        <\/div>\n      <\/div>\n    <\/div>\n  <\/div>\n  <div data-colibri-component=\"section\" data-colibri-id=\"51-c12\" id=\"custom\" class=\"h-section h-section-global-spacing d-flex align-items-lg-center align-items-md-center align-items-center style-449 style-local-51-c12 position-relative\">\n    <!---->\n    <!---->\n    <div class=\"h-section-grid-container h-section-boxed-container\">\n      <!---->\n      <div data-colibri-id=\"51-c13\" class=\"h-row-container gutters-row-lg-2 gutters-row-md-2 gutters-row-0 gutters-row-v-lg-2 gutters-row-v-md-2 gutters-row-v-2 style-450 style-local-51-c13 position-relative\">\n        <!---->\n        <div class=\"h-row justify-content-lg-center justify-content-md-center justify-content-center align-items-lg-stretch align-items-md-stretch align-items-stretch gutters-col-lg-2 gutters-col-md-2 gutters-col-0 gutters-col-v-lg-2 gutters-col-v-md-2 gutters-col-v-2\">\n          <!---->\n          <div class=\"h-column h-column-container d-flex h-col-lg-auto h-col-md-auto h-col-auto style-451-outer style-local-51-c14-outer\">\n            <div data-colibri-id=\"51-c14\" class=\"d-flex h-flex-basis h-column__inner h-px-lg-2 h-px-md-2 h-px-2 v-inner-lg-2 v-inner-md-2 v-inner-2 style-451 style-local-51-c14 position-relative\">\n              <!---->\n              <!---->\n              <div class=\"w-100 h-y-container h-column__content h-column__v-align flex-basis-100 align-self-lg-start align-self-md-start align-self-start\">\n                <!---->\n                <div data-colibri-id=\"51-c15\" class=\"h-global-transition-all h-heading style-454 style-local-51-c15 position-relative h-element\">\n                  <!---->\n                  <div class=\"h-heading__outer style-454 style-local-51-c15\">\n                    <!---->\n                    <!---->\n                    <h4 class=\"\">Version 2.1 &#8211; 64 bits :<\/h4>\n                  <\/div>\n                <\/div>\n                <div data-colibri-id=\"51-c16\" class=\"h-text h-text-component style-455 style-local-51-c16 position-relative h-element\">\n                  <!---->\n                  <!---->\n                  <div class=\"\">\n                    <p>Pour Windows 7 et sup\u00e9rieur<\/p>\n                  <\/div>\n                <\/div>\n              <\/div>\n            <\/div>\n          <\/div>\n          <div class=\"h-column h-column-container d-flex h-col-lg-auto h-col-md-auto h-col-auto style-452-outer style-local-51-c17-outer\">\n            <div data-colibri-id=\"51-c17\" class=\"d-flex h-flex-basis h-column__inner h-px-lg-2 h-px-md-2 h-px-2 v-inner-lg-2 v-inner-md-2 v-inner-2 style-452 style-local-51-c17 position-relative\">\n              <!---->\n              <!---->\n              <div class=\"w-100 h-y-container h-column__content h-column__v-align flex-basis-100 align-self-lg-start align-self-md-start align-self-start\">\n                <!---->\n                <div data-colibri-id=\"51-c18\" class=\"h-icon style-457 style-local-51-c18 position-relative h-element\">\n                  <!----><span class=\"h-svg-icon h-icon__icon style-457-icon style-local-51-c18-icon\"><!--Icon by Font Awesome (https:\/\/fontawesome.com)-->\n    <svg version=\"1.1\" xmlns=\"http:\/\/www.w3.org\/2000\/svg\" xmlns:xlink=\"http:\/\/www.w3.org\/1999\/xlink\" id=\"windows\" viewBox=\"0 0 1664 1896.0833\">\n      <path d=\"M682 1006v651L0 1563v-557h682zm0-743v659H0V357zm982 743v786l-907-125v-661h907zm0-878v794H757V253z\"><\/path>\n    <\/svg><\/span><\/div>\n              <\/div>\n            <\/div>\n          <\/div>\n          <div class=\"h-column h-column-container d-flex h-col-lg-auto h-col-md-auto h-col-auto style-453-outer style-local-51-c19-outer\">\n            <div data-colibri-id=\"51-c19\" class=\"d-flex h-flex-basis h-column__inner h-px-lg-2 h-px-md-2 h-px-2 v-inner-lg-2 v-inner-md-2 v-inner-2 style-453 style-local-51-c19 position-relative\">\n              <!---->\n              <!---->\n              <div class=\"w-100 h-y-container h-column__content h-column__v-align flex-basis-100 align-self-lg-center align-self-md-center align-self-center\">\n                <!---->\n                <div data-colibri-id=\"51-c20\" class=\"h-x-container style-458 style-local-51-c20 position-relative h-element\">\n                  <!---->\n                  <div class=\"h-x-container-inner style-dynamic-51-c20-group style-458-spacing style-local-51-c20-spacing\"><span class=\"h-button__outer style-459-outer style-local-51-c21-outer d-inline-flex h-element\"><a h-use-smooth-scroll=\"true\" href=\"https:\/\/pdfstamper.fr\/STAMPER_UPDATE\/InstalPdfStamper2.1.2.exe\"  data-colibri-id=\"51-c21\" class=\"d-flex w-100 align-items-center h-button justify-content-lg-center justify-content-md-center justify-content-center style-459 style-local-51-c21 position-relative\"><!----><!----> <span>T\u00e9l\u00e9charger Version Windows<\/span><\/a>\n                    <\/span>\n                  <\/div>\n                <\/div>\n              <\/div>\n            <\/div>\n          <\/div>\n        <\/div>\n      <\/div>\n    <\/div>\n  <\/div>\n  <div data-colibri-component=\"section\" data-colibri-id=\"51-c22\" id=\"cta\" class=\"h-section h-section-global-spacing d-flex align-items-lg-center align-items-md-center align-items-center style-460 style-local-51-c22 position-relative\">\n    <div class=\"background-wrapper\">\n      <div class=\"background-layer background-layer-media-container-lg\">\n        <!---->\n        <div class=\"overlay-layer\">\n          <div class=\"overlay-image-layer\" style=\"background-image: linear-gradient(0deg, rgba(0, 198, 251, 0.4) 0%, rgba(0, 91, 234, 0.4) 100%);\"><\/div>\n        <\/div>\n      <\/div>\n      <div class=\"background-layer background-layer-media-container-md\">\n        <!---->\n        <div class=\"overlay-layer\">\n          <div class=\"overlay-image-layer\" style=\"background-image: linear-gradient(0deg, rgba(0, 198, 251, 0.4) 0%, rgba(0, 91, 234, 0.4) 100%);\"><\/div>\n        <\/div>\n      <\/div>\n      <div class=\"background-layer background-layer-media-container\">\n        <!---->\n        <div class=\"overlay-layer\">\n          <div class=\"overlay-image-layer\" style=\"background-image: linear-gradient(0deg, rgba(0, 198, 251, 0.4) 0%, rgba(0, 91, 234, 0.4) 100%);\"><\/div>\n        <\/div>\n      <\/div>\n    <\/div>\n    <!---->\n    <div class=\"h-section-grid-container h-section-boxed-container\">\n      <!---->\n      <div data-colibri-id=\"51-c23\" class=\"h-row-container gutters-row-lg-2 gutters-row-md-2 gutters-row-0 gutters-row-v-lg-2 gutters-row-v-md-2 gutters-row-v-2 style-461 style-local-51-c23 position-relative\">\n        <!---->\n        <div class=\"h-row justify-content-lg-center justify-content-md-center justify-content-center align-items-lg-stretch align-items-md-stretch align-items-stretch gutters-col-lg-2 gutters-col-md-2 gutters-col-0 gutters-col-v-lg-2 gutters-col-v-md-2 gutters-col-v-2\">\n          <!---->\n          <div class=\"h-column h-column-container d-flex h-col-lg-auto h-col-md-auto h-col-auto style-462-outer style-local-51-c24-outer\">\n            <div data-colibri-id=\"51-c24\" class=\"d-flex h-flex-basis h-column__inner h-px-lg-0 h-px-md-0 h-px-2 v-inner-lg-0 v-inner-md-0 v-inner-2 style-462 style-local-51-c24 position-relative\">\n              <!---->\n              <!---->\n              <div class=\"w-100 h-y-container h-column__content h-column__v-align flex-basis-100 align-self-lg-start align-self-md-start align-self-start\">\n                <!---->\n                <div data-colibri-id=\"51-c25\" class=\"h-global-transition-all h-heading style-463 style-local-51-c25 position-relative h-element\">\n                  <!---->\n                  <div class=\"h-heading__outer style-463 style-local-51-c25\">\n                    <!---->\n                    <!---->\n                    <h2 class=\"\">Il s&rsquo;agit de la version d&rsquo;essai<\/h2>\n                  <\/div>\n                <\/div>\n                <div data-colibri-id=\"51-c26\" class=\"h-text h-text-component style-464 style-local-51-c26 position-relative h-element\">\n                  <!---->\n                  <!---->\n                  <div class=\"\">\n                    <p>Votre cachet portera la mention \u00ab\u00a0D\u00e9monstration\u00a0\u00bb<\/p>\n                    <p>Vous pourrez d\u00e9bloquer l\u2019application en achetant une licence \u00e0 tout moment.<\/p>\n                  <\/div>\n                <\/div>\n                <div data-colibri-id=\"51-c27\" class=\"h-x-container style-465 style-local-51-c27 position-relative h-element\">\n                  <!---->\n                  <div class=\"h-x-container-inner style-dynamic-51-c27-group style-465-spacing style-local-51-c27-spacing\"><span class=\"h-button__outer style-466-outer style-local-51-c28-outer d-inline-flex h-element\"><a h-use-smooth-scroll=\"true\" href=\"https:\/\/pdfstamper.fr\/index.php\/boutique\/\"  data-colibri-id=\"51-c28\" class=\"d-flex w-100 align-items-center h-button justify-content-lg-center justify-content-md-center justify-content-center style-466 style-local-51-c28 position-relative\"><!----><!----> <span>Acheter une licence<\/span><\/a>\n                    <\/span>\n                  <\/div>\n                <\/div>\n              <\/div>\n            <\/div>\n          <\/div>\n        <\/div>\n      <\/div>\n    <\/div>\n  <\/div>\n<\/div>","protected":false},"excerpt":{"rendered":"<p>Version 2.1 &#8211; 64 bits : Pour MacOS 10.12 et sup\u00e9rieurs T\u00e9l\u00e9charger Version Mac Version 2.1 &#8211; 64 bits : Pour Windows 7 et sup\u00e9rieur T\u00e9l\u00e9charger Version Windows Il s&rsquo;agit de la version d&rsquo;essai Votre cachet portera la mention \u00ab\u00a0D\u00e9monstration\u00a0\u00bb Vous pourrez d\u00e9bloquer l\u2019application en achetant une licence \u00e0 tout moment. Acheter une licence<\/p>\n","protected":false},"author":2,"featured_media":0,"parent":0,"menu_order":0,"comment_status":"closed","ping_status":"closed","template":"page-templates\/full-width-page.php","meta":{"footnotes":""},"class_list":["post-51","page","type-page","status-publish","hentry"],"_links":{"self":[{"href":"https:\/\/pdfstamper.fr\/index.php\/wp-json\/wp\/v2\/pages\/51","targetHints":{"allow":["GET"]}}],"collection":[{"href":"https:\/\/pdfstamper.fr\/index.php\/wp-json\/wp\/v2\/pages"}],"about":[{"href":"https:\/\/pdfstamper.fr\/index.php\/wp-json\/wp\/v2\/types\/page"}],"author":[{"embeddable":true,"href":"https:\/\/pdfstamper.fr\/index.php\/wp-json\/wp\/v2\/users\/2"}],"replies":[{"embeddable":true,"href":"https:\/\/pdfstamper.fr\/index.php\/wp-json\/wp\/v2\/comments?post=51"}],"version-history":[{"count":8,"href":"https:\/\/pdfstamper.fr\/index.php\/wp-json\/wp\/v2\/pages\/51\/revisions"}],"predecessor-version":[{"id":307,"href":"https:\/\/pdfstamper.fr\/index.php\/wp-json\/wp\/v2\/pages\/51\/revisions\/307"}],"wp:attachment":[{"href":"https:\/\/pdfstamper.fr\/index.php\/wp-json\/wp\/v2\/media?parent=51"}],"curies":[{"name":"wp","href":"https:\/\/api.w.org\/{rel}","templated":true}]}}