{"id":52,"date":"2025-10-01T11:38:04","date_gmt":"2025-10-01T11:38:04","guid":{"rendered":"https:\/\/pdfstamper.fr\/?page_id=52"},"modified":"2025-10-01T12:33:36","modified_gmt":"2025-10-01T12:33:36","slug":"historique-des-versions","status":"publish","type":"page","link":"https:\/\/pdfstamper.fr\/index.php\/historique-des-versions\/","title":{"rendered":"Historique des versions"},"content":{"rendered":"<div data-colibri-id=\"52-c1\" class=\"style-401 style-local-52-c1 position-relative\">\n  <!---->\n  <div data-colibri-component=\"section\" data-colibri-id=\"52-c2\" id=\"custom\" class=\"h-section h-section-global-spacing d-flex align-items-lg-center align-items-md-center align-items-center style-402 style-local-52-c2 position-relative\">\n    <!---->\n    <!---->\n    <div class=\"h-section-grid-container h-section-boxed-container\">\n      <!---->\n      <div data-colibri-id=\"52-c5\" class=\"h-row-container gutters-row-lg-2 gutters-row-md-2 gutters-row-0 gutters-row-v-lg-2 gutters-row-v-md-2 gutters-row-v-2 style-405 style-local-52-c5 position-relative\">\n        <!---->\n        <div class=\"h-row justify-content-lg-center justify-content-md-center justify-content-center align-items-lg-stretch align-items-md-stretch align-items-stretch gutters-col-lg-2 gutters-col-md-2 gutters-col-0 gutters-col-v-lg-2 gutters-col-v-md-2 gutters-col-v-2\">\n          <!---->\n          <div class=\"h-column h-column-container d-flex h-col-lg-auto h-col-md-auto h-col-auto style-406-outer style-local-52-c6-outer\">\n            <div data-colibri-id=\"52-c6\" class=\"d-flex h-flex-basis h-column__inner h-px-lg-2 h-px-md-2 h-px-2 v-inner-lg-2 v-inner-md-2 v-inner-2 style-406 style-local-52-c6 position-relative\">\n              <!---->\n              <!---->\n              <div class=\"w-100 h-y-container h-column__content h-column__v-align flex-basis-100 align-self-lg-start align-self-md-start align-self-start\">\n                <!---->\n                <div data-colibri-id=\"52-c7\" class=\"h-text h-text-component style-407 style-local-52-c7 position-relative h-element\">\n                  <!---->\n                  <!---->\n                  <div class=\"\">\n                    <p>Vous trouverez plus de d\u00e9tails dans le manuel fourni avec le logiciel.<\/p>\n                    <p><strong style=\"font-size: 16px;\">Version 2.1<\/strong><\/p>\n                    <p>\u2013 Nouvelle interface,<\/p>\n                    <p>\u2013 Gestion du format \u00ab .rtfd \u00bb sur Macintosh : format rtf avec image ( uniquement Mac OS ),<\/p>\n                    <p>\u2013 Les tampons peuvent \u00eatre renum\u00e9rot\u00e9s. Il y a 2 mani\u00e8res de renum\u00e9roter les tampons :<\/p>\n                    <p>Dynamiquement&nbsp;: En ins\u00e9rant ou en supprimant un tampon dans une page. Lors de l\u2019insertion d\u2019un tampon, si le tampon est identique au pr\u00e9c\u00e9dent et aux suivants, et si le compteur \u00e0 utiliser est sup\u00e9rieur au compteur pr\u00e9c\u00e9dent et\n                      inf\u00e9rieur aux compteur des tampons suivants, les tampons suivants sont renum\u00e9rot\u00e9s : Exemple : Tampon 1 sur page 1, Tampon 2 sur page 3, compteur fix\u00e9 \u00e0 2 et insertion en page 2, le compteur suivant est renum\u00e9rot\u00e9 \u00e0 3. Lors de la\n                      suppression, les tampons suivants sont renum\u00e9rot\u00e9s \u00e9galement.<\/p>\n                    <p>&nbsp;<\/p>\n                    <p>En utilisant la commande \u00ab&nbsp;Renum\u00e9roter les tampons&nbsp;\u00bb du menu Edition. Dans ce cas, une fen\u00eatre vous permet de pr\u00e9ciser \u00e0 partir de quelle page, jusqu\u2019\u00e0 quelle page, le type de tampons concern\u00e9s et le compteur \u00e0 utiliser.<\/p>\n                    <p><strong style=\"font-size: 16px;\">Version 2.0.7<\/strong><\/p>\n                    <p>\u2013 Correction d\u2019un probl\u00e8me pouvant affecter la num\u00e9rotation des pi\u00e8ces \u00e0 partir de la liste des documents<\/p>\n                    <p><strong style=\"font-size: 16px;\">Version 2.0.6<\/strong><\/p>\n                    <p>\u2013 Mac et Windows : Quelques am\u00e9lioration d\u2019interface\n                      <br>\u2013 Windows : correction d\u2019un probl\u00e8me qui pouvait emp\u00eacher le bon fonctionnement sur certaines machines, en fonction de la carte vid\u00e9o.<\/p>\n                    <p><strong style=\"font-size: 16px;\">Version 2.0.5<\/strong><\/p>\n                    <p>\u2013 Quelques corrections et am\u00e9lioration suite au passage en 64 bits ( Bordereau de pi\u00e8ces, \u2026 )\n                      <br>\u2013 Sous Windows : ajout d\u2019une option pour ne pas v\u00e9rifier la pr\u00e9sence de la suite Office. Dans ce ce cas, la conversion de documents Office en pdf est impossible\n                      <br>\u2013 Sous Windows, r\u00e9duction de la taille des fichiers pdf g\u00e9n\u00e9r\u00e9s.<\/p>\n                    <p><strong style=\"font-size: 16px;\">Version 2.0.4<\/strong><\/p>\n                    <p>\u2013 Quelques corrections et optimisations<\/p>\n                    <p><strong style=\"font-size: 16px;\">Version 2.0.3<\/strong><\/p>\n                    <p>\u2013 Passage de l\u2019updateur en 64 bits<\/p>\n                    <p><strong style=\"font-size: 16px;\">Version 2.0.2<\/strong><\/p>\n                    <p>\u2013 Corrections dans la liaison externe, qui ne fonctionnait plus depuis la version 2.0<\/p>\n                    <p><strong style=\"font-size: 16px;\">Version 2.0.1<br><\/strong><\/p>\n                    <p>Quelques corrections.<\/p>\n                    <p><strong style=\"font-size: 16px;\">Version 2.0<br><\/strong><\/p>\n                    <p>Passage en 64 bits<\/p>\n                    <p>Am\u00e9liorations g\u00e9n\u00e9rales dans la g\u00e9n\u00e9ration des documents pdf, essentiellement sous Windows,<\/p>\n                    <p>Correction d\u2019un probl\u00e8me d\u2019encodage dans la g\u00e9n\u00e9ration du fichier \u00ab&nbsp;Bordereau.rtf&nbsp;\u00bb personnalis\u00e9,<\/p>\n                    <p>Fen\u00eatre des Documents&nbsp;: Il est maintenant possible de glisser et d\u00e9poser des fichiers de type \u00ab&nbsp;Image&nbsp;\u00bb directement dans la liste, ils seront convertis automatiquement en fichier Pdf,<\/p>\n                    <p>Sous Windows, dans la fen\u00eatre des Documents, il est possible de glisser et d\u00e9poser des fichiers Office ( Word, Excel, PowerPoint ). Si la suite Office est install\u00e9e, les fichiers seront convertis automatiquement en fichier Pdf,<\/p>\n                    <p>Pr\u00e9f\u00e9rences : Ajout du panel \u00abAvanc\u00e9 \u00bb avec quelques r\u00e9glages suppl\u00e9mentaires, pour permettre une plus grande souplesse. Ces r\u00e9glages permettent notamment une certaine acc\u00e9l\u00e9ration dans le traitement des documents, et une consommation\n                      m\u00e9moire moins importante, permettant de traiter plus de documents simultan\u00e9ment.<\/p>\n                    <p>Fen\u00eatre de s\u00e9paration et d\u2019indexation : Il est maintenant possible de contr\u00f4ler plus finement la g\u00e9n\u00e9ration des fichiers, c\u2019est \u00e0 dire les fichiers individuels tamponn\u00e9s, le fichier r\u00e9capitulatif comprenant toutes les pi\u00e8ces tamponn\u00e9es,\n                      le fichier Borderau .rtf et le fichier .txt. De plus, il est possible d\u2019ajouter une num\u00e9rotation des pages sur les fichiers g\u00e9n\u00e9r\u00e9s.<\/p>\n                    <p>Fen\u00eatre d\u2019indexation, \u00e0 partir de la fen\u00eatre des documents : Il est maintenant possible de contr\u00f4ler plus finement la g\u00e9n\u00e9ration des fichiers, c\u2019est \u00e0 dire les fichiers individuels tamponn\u00e9s, le fichier r\u00e9capitulatif comprenant toutes\n                      les pi\u00e8ces tamponn\u00e9es, le fichier Borderau .rtf et le fichier .txt. De plus, il est possible d\u2019ajouter une num\u00e9rotation des pages sur les fichiers g\u00e9n\u00e9r\u00e9s.<\/p>\n                    <p>Le r\u00e9glage du pr\u00e9fixe \u00e0 utiliser pour le nommage des pi\u00e8ces ( s\u00e9parer en fonction des tampons et indexer ) est possible via les pr\u00e9f\u00e9rences.<\/p>\n                    <p><strong style=\"font-size: 16px;\">Version 1.7.5<\/strong><\/p>\n                    <p>Am\u00e9liorations de la gestion de la ligne de commande,<\/p>\n                    <p>Compatibilit\u00e9 avec Mac OS 10.14 ( Mojave ).<\/p>\n                    <p><strong style=\"font-size: 16px;\">Version 1.7.4<\/strong><\/p>\n                    <p>Windows : L\u00e9g\u00e8res optimisations et am\u00e9liorations au niveau du rendu de page<\/p>\n                    <p>Bordereau.rtf : Modification des \u00ab marqueurs \u00bb de remplacement du bordereau \u00ab type \u00bb : _ListePi\u00e8ces est remplac\u00e9 par _ListePieces ( sans accent ).<\/p>\n                    <p>Ce changement am\u00e8ne une plus grande compatibilit\u00e9 avec les traitements de texte et \u00e9vite les probl\u00e8mes d\u2019encodage.<\/p>\n                    <p>Au premier lancement du programme en version 1.7.4, le nouveau bordereau est copi\u00e9 :<\/p>\n                    <p>o&nbsp;&nbsp;Windows : AppData\/Roaming\/\/fr.PdfStamper.PdfStamper\n                      <br>o&nbsp;Mac : Library\/Application support\/fr.PdfStamper.PdfStamper<\/p>\n                    <p><strong style=\"font-size: 16px;\">Version 1.7.3<\/strong><\/p>\n                    <p>Windows : R\u00e9duction de la taille des fichiers Pdf g\u00e9n\u00e9r\u00e9s<\/p>\n                    <p>Bordereau.rtf : le bordereau peut inclure des images qui seront conserv\u00e9s lors de la production. Le fichier RTF doit utilis\u00e9 l\u2019encodage ANSI 1252 ( par d\u00e9faut sous Windows ).<em style=\"font-size: 16px;\"><br>Version Macintosh&nbsp;: ATTENTION, il ne faut pas modifier le bordereau original avec TextEdit qui ne reconna\u00eet pas les images dans le format rtf, mais uniquement avec un traitement de texte( MS Word, Open Office, \u2026 ) Egalement, il ne faut pas modifier l\u2019encodage du document ( ANSI 1252 ).<\/em><\/p>\n                    <p>Windows : le bordereau personnalisable se trouve maintenant dans le dossier Users\/UserName\/AppData\/Roaming\/fr.PdfStamper.PdfStamper<\/p>\n                    <p><strong style=\"font-size: 16px;\">Version 1.7.2<\/strong><\/p>\n                    <p>Quelques corrections et optimisations<\/p>\n                    <p><strong style=\"font-size: 16px;\">Version 1.7.1<\/strong><\/p>\n                    <p>Quelques corrections et optimisations<\/p>\n                    <p><strong style=\"font-size: 16px;\">Version 1.7<\/strong><\/p>\n                    <p>Macintosh : compatibilit\u00e9 Sierra et High Sierra, avec une interface revue.<\/p>\n                    <p>Pr\u00e9f\u00e9rences : Ajout du panel \u00ab Liaison Externe \u00bb : Il s\u2019agit d\u2019un module complet permettant d\u2019envoyer les documents tamponn\u00e9s vers une destination pr\u00e9d\u00e9finie, tel qu\u2019un dossier, un serveur ftp, ou une application.<\/p>\n                    <p><strong style=\"font-size: 16px;\">Version 1.6.3<\/strong><\/p>\n                    <p>Pr\u00e9f\u00e9rences : Ajout d\u2019une case \u00e0 cocher \u00ab Utiliser PJ_\u00bb. Dans ce cas, la r\u00e8gle de nommage des pi\u00e8ces (Actuellement Pi\u00e8ce n\u00b0 1, Pi\u00e8ce n\u00b02, etc\u2026) est modifi\u00e9e en PJ1_NomDeLaPi\u00e8ce1, PJ2_NomDeLaPi\u00e8ce2, PJ3_NomDeLaPi\u00e8ce3 etc\u2026 (Directive\n                      du Conseil d\u2019Etat).<\/p>\n                    <p><strong style=\"font-size: 16px;\">Version 1.6.2<\/strong><\/p>\n                    <p>Fen\u00eatre des documents : Ajout d\u2019une case \u00e0 cocher \u00ab Page1 \u00bb. Dans ce cas, seule la premi\u00e8re page du document sera tamponn\u00e9e,<\/p>\n                    <p>Fen\u00eatre des documents : ajout d\u2019un bouton permettant de tamponner chaque document, de les fusionner, de les indexer et de g\u00e9n\u00e9rer un bordereau de pi\u00e8ces<\/p>\n                    <p>Macintosh : il est possible d\u2019utiliser un filtre Quartz lors de l\u2019enregistrement d\u2019un document.<\/p>\n                    <p><strong style=\"font-size: 16px;\">Version 1.6.1<\/strong><\/p>\n                    <p>Quelques optimisations\u2026<\/p>\n                    <p><strong style=\"font-size: 16px;\">Version 1.6<\/strong><\/p>\n                    <p>Menu Pr\u00e9sentation : Pr\u00e9sentation contenu, Pr\u00e9sentation des vignettes, Pr\u00e9sentation de la table des mati\u00e8res ( Indexation ),<\/p>\n                    <p>Ajout d\u2019un tampon invisible (pour permettre l\u2019indexation d\u2019un document d\u00e9j\u00e0 tamponn\u00e9),<\/p>\n                    <p>Version de d\u00e9monstration : Insertion d\u2019un texte \u00ab D\u00e9monstration \u00bb dans les documents g\u00e9n\u00e9r\u00e9s,<\/p>\n                    <p>Nouvelle proc\u00e9dure de mise \u00e0 jour, avec installation automatique de la nouvelle version.<\/p>\n                    <p><strong style=\"font-size: 16px;\">Version 1.5.3<\/strong><\/p>\n                    <p>Quelques corrections\u2026<\/p>\n                    <p><strong style=\"font-size: 16px;\">Version 1.5.2<\/strong><\/p>\n                    <p>Les pr\u00e9fixes et suffixes des tampons peuvent \u00eatre affich\u00e9s dans la fen\u00eatre,<\/p>\n                    <p>Dans la s\u00e9paration des pi\u00e8ces en fonctions en des tampons, le titre du document et la num\u00e9rotation des pi\u00e8ces peut-\u00eatre bas\u00e9e sur le compteur des tampons.<\/p>\n                    <p>Ces deux options sont r\u00e9glables dans les pr\u00e9f\u00e9rences de l\u2019application.<\/p>\n                    <p><strong style=\"font-size: 16px;\">Version 1.5.1<\/strong><\/p>\n                    <p>Tri des tampons dans la biblioth\u00e8que de tampons par \u00ab&nbsp;Drag and Drop&nbsp;\u00bb,<\/p>\n                    <p>Clic droit ( Control Clic ) dans la liste des pi\u00e8ces de la fen\u00eatre de s\u00e9paration en fonction des tampons<\/p>\n                    <p><strong style=\"font-size: 16px;\">Version 1.5<\/strong><\/p>\n                    <p>S\u00e9paration des documents en fonction du tampon : cr\u00e9ation d\u2019un bordereau de pi\u00e8ces en rtf.<\/p>\n                    <p><strong style=\"font-size: 16px;\">Version 1.4.9<\/strong><\/p>\n                    <p>S\u00e9paration des documents en fonction du tampon : cr\u00e9ation d\u2019un pdf regroupant toutes les pi\u00e8ces avec une table des mati\u00e8res<\/p>\n                    <p><strong style=\"font-size: 16px;\">Version 1.4.8<\/strong><\/p>\n                    <p>Gestion num\u00e9ros de pi\u00e8ces dans la s\u00e9paration des documents en fonction du tampon.<\/p>\n                    <p><strong style=\"font-size: 16px;\">Version 1.4.7<\/strong><\/p>\n                    <p>Compatibilit\u00e9 Mavericks et Yosemite<\/p>\n                    <p><strong style=\"font-size: 16px;\">Version 1.4.5<\/strong><\/p>\n                    <p>Manuel en anglais et en fran\u00e7ais<\/p>\n                    <p>Liste des documents : le bouton d\u2019ajout permet de s\u00e9lectionner plusieurs documents simultan\u00e9ment<\/p>\n                    <p>Conversion d\u2019images en pdf : le bouton d\u2019ajout permet de s\u00e9lectionner plusieurs documents simultan\u00e9ment<\/p>\n                    <p>Corrections mineures<\/p>\n                    <p><strong style=\"font-size: 16px;\">Version 1.3.1<\/strong><\/p>\n                    <p>Extraction de pages d\u2019un document pdf \u00e0 partir de la liste des documents<\/p>\n                    <p>Bulles d\u2019aide sur les boutons dans la fen\u00eatre d\u2019un document et la liste des documents<\/p>\n                    <p>R\u00e9vision de la proc\u00e9dure de mise \u00e0 jour<\/p>\n                    <p><strong style=\"font-size: 16px;\">Version 1.3<\/strong><\/p>\n                    <p>Transformation de jpeg, tiff , png et bmp en pdf<\/p>\n                    <p><strong style=\"font-size: 16px;\">Version 1.2<\/strong><\/p>\n                    <p>Fen\u00eatre d\u2019attente pendant l\u2019enregistrement d\u2019un document<\/p>\n                    <p>Fusion de documents dans la liste des documents<\/p>\n                    <p><strong style=\"font-size: 16px;\">Version 1.1<\/strong><\/p>\n                    <p>Biblioth\u00e8que : Bouton \u00ab&nbsp;Exporter un tampon&nbsp;\u00bb et \u00ab&nbsp;Importer un tampon&nbsp;\u00bb<\/p>\n                    <p>\u00c9quivalent clavier<\/p>\n                    <p><strong style=\"font-size: 16px;\">Version 1.0.1 :<\/strong><\/p>\n                    <p>Biblioth\u00e8que de Tampons<\/p>\n                    <p>Rotation de pages<\/p>\n                    <p>Suppression de pages<\/p>\n                    <p>Gestion des annotations<\/p>\n                    <p>Gestion de la ligne de commande<\/p>\n                    <p><strong style=\"font-size: 16px;\">Version 1.0 :<\/strong><\/p>\n                    <p>Premi\u00e8re version publi\u00e9e<\/p>\n                    <p>\n                      <br>\n                    <\/p>\n                  <\/div>\n                <\/div>\n              <\/div>\n            <\/div>\n          <\/div>\n        <\/div>\n      <\/div>\n      <div data-colibri-id=\"52-c3\" class=\"h-row-container gutters-row-lg-2 gutters-row-md-2 gutters-row-0 gutters-row-v-lg-2 gutters-row-v-md-2 gutters-row-v-2 style-403 style-local-52-c3 position-relative\">\n        <!---->\n        <div class=\"h-row justify-content-lg-center justify-content-md-center justify-content-center align-items-lg-stretch align-items-md-stretch align-items-stretch gutters-col-lg-2 gutters-col-md-2 gutters-col-0 gutters-col-v-lg-2 gutters-col-v-md-2 gutters-col-v-2\">\n          <!---->\n          <div class=\"h-column h-column-container d-flex h-col-lg-auto h-col-md-auto h-col-auto style-404-outer style-local-52-c4-outer\">\n            <div data-colibri-id=\"52-c4\" class=\"d-flex h-flex-basis h-column__inner h-ui-empty-state-container h-px-lg-2 h-px-md-2 h-px-2 v-inner-lg-2 v-inner-md-2 v-inner-2 style-404 style-local-52-c4 position-relative\">\n              <!---->\n              <!---->\n              <div class=\"w-100 h-y-container h-column__content h-column__v-align flex-basis-100\">\n                <!---->\n              <\/div>\n            <\/div>\n          <\/div>\n        <\/div>\n      <\/div>\n    <\/div>\n  <\/div>\n<\/div>","protected":false},"excerpt":{"rendered":"<p>Vous trouverez plus de d\u00e9tails dans le manuel fourni avec le logiciel. Version 2.1 \u2013 Nouvelle interface, \u2013 Gestion du format \u00ab .rtfd \u00bb sur Macintosh : format rtf avec image ( uniquement Mac OS ), \u2013 Les tampons peuvent \u00eatre renum\u00e9rot\u00e9s. Il y a 2 mani\u00e8res de renum\u00e9roter les tampons : Dynamiquement&nbsp;: En ins\u00e9rant [&hellip;]<\/p>\n","protected":false},"author":2,"featured_media":0,"parent":0,"menu_order":0,"comment_status":"closed","ping_status":"closed","template":"page-templates\/full-width-page.php","meta":{"footnotes":""},"class_list":["post-52","page","type-page","status-publish","hentry"],"_links":{"self":[{"href":"https:\/\/pdfstamper.fr\/index.php\/wp-json\/wp\/v2\/pages\/52","targetHints":{"allow":["GET"]}}],"collection":[{"href":"https:\/\/pdfstamper.fr\/index.php\/wp-json\/wp\/v2\/pages"}],"about":[{"href":"https:\/\/pdfstamper.fr\/index.php\/wp-json\/wp\/v2\/types\/page"}],"author":[{"embeddable":true,"href":"https:\/\/pdfstamper.fr\/index.php\/wp-json\/wp\/v2\/users\/2"}],"replies":[{"embeddable":true,"href":"https:\/\/pdfstamper.fr\/index.php\/wp-json\/wp\/v2\/comments?post=52"}],"version-history":[{"count":3,"href":"https:\/\/pdfstamper.fr\/index.php\/wp-json\/wp\/v2\/pages\/52\/revisions"}],"predecessor-version":[{"id":106,"href":"https:\/\/pdfstamper.fr\/index.php\/wp-json\/wp\/v2\/pages\/52\/revisions\/106"}],"wp:attachment":[{"href":"https:\/\/pdfstamper.fr\/index.php\/wp-json\/wp\/v2\/media?parent=52"}],"curies":[{"name":"wp","href":"https:\/\/api.w.org\/{rel}","templated":true}]}}