{"id":53,"date":"2025-10-01T11:38:04","date_gmt":"2025-10-01T11:38:04","guid":{"rendered":"https:\/\/pdfstamper.fr\/?page_id=53"},"modified":"2025-10-03T07:38:38","modified_gmt":"2025-10-03T07:38:38","slug":"faq-support","status":"publish","type":"page","link":"https:\/\/pdfstamper.fr\/index.php\/faq-support\/","title":{"rendered":"Faq &#038; support"},"content":{"rendered":"<div data-colibri-id=\"53-c1\" class=\"style-521 style-local-53-c1 position-relative\">\n  <!---->\n  <div data-colibri-component=\"section\" data-colibri-id=\"53-c6\" id=\"f-a-q\" class=\"h-section h-section-global-spacing d-flex align-items-lg-center align-items-md-center align-items-center style-526 style-local-53-c6 position-relative\">\n    <!---->\n    <!---->\n    <div class=\"h-section-grid-container h-section-boxed-container\">\n      <div data-colibri-id=\"53-c16\" class=\"h-row-container gutters-row-lg-2 gutters-row-md-2 gutters-row-2 gutters-row-v-lg-2 gutters-row-v-md-2 gutters-row-v-2 style-536 style-local-53-c16 position-relative\">\n        <!---->\n        <div class=\"h-row justify-content-lg-center justify-content-md-center justify-content-center align-items-lg-stretch align-items-md-stretch align-items-stretch gutters-col-lg-2 gutters-col-md-2 gutters-col-2 gutters-col-v-lg-2 gutters-col-v-md-2 gutters-col-v-2\">\n          <!---->\n          <div class=\"h-column h-column-container d-flex h-col-lg-auto h-col-md-auto h-col-auto style-537-outer style-local-53-c17-outer\">\n            <div data-colibri-id=\"53-c17\" class=\"d-flex h-flex-basis h-column__inner h-px-lg-2 h-px-md-2 h-px-2 v-inner-lg-2 v-inner-md-2 v-inner-2 style-537 style-local-53-c17 position-relative\">\n              <!---->\n              <!---->\n              <div class=\"w-100 h-y-container h-column__content h-column__v-align flex-basis-100 align-self-lg-start align-self-md-start align-self-start\">\n                <!---->\n                <div data-colibri-id=\"53-c18\" class=\"h-global-transition-all h-heading style-538 style-local-53-c18 position-relative h-element\">\n                  <!---->\n                  <div class=\"h-heading__outer style-538 style-local-53-c18\">\n                    <!---->\n                    <!---->\n                    <h2 class=\"\">Questions fr\u00e9quentes<\/h2>\n                  <\/div>\n                <\/div>\n              <\/div>\n            <\/div>\n          <\/div>\n        <\/div>\n      <\/div>\n      <div data-colibri-id=\"53-c7\" class=\"h-row-container gutters-row-lg-2 gutters-row-md-2 gutters-row-3 gutters-row-v-lg-2 gutters-row-v-md-2 gutters-row-v-2 style-527 style-local-53-c7 position-relative\">\n        <!---->\n        <div class=\"h-row justify-content-lg-center justify-content-md-center justify-content-center align-items-lg-stretch align-items-md-stretch align-items-stretch gutters-col-lg-2 gutters-col-md-2 gutters-col-3 gutters-col-v-lg-2 gutters-col-v-md-2 gutters-col-v-2\">\n          <!---->\n          <div class=\"h-column h-column-container d-flex h-col-lg-auto h-col-md-auto h-col-auto style-528-outer style-local-53-c8-outer\">\n            <div data-colibri-id=\"53-c8\" class=\"d-flex h-flex-basis h-column__inner h-px-lg-2 h-px-md-2 h-px-2 v-inner-lg-2 v-inner-md-2 v-inner-2 style-528 style-local-53-c8 position-relative\">\n              <!---->\n              <!---->\n              <div class=\"w-100 h-y-container h-column__content h-column__v-align flex-basis-100 align-self-lg-start align-self-md-start align-self-start\">\n                <!---->\n                <div data-toggle=\"true\" data-is-preview=\"true\" data-colibri-component=\"accordion\" data-colibri-id=\"53-c9\" class=\"h-accordion style-529 style-local-53-c9 position-relative h-element\">\n                  <!---->\n                  <div data-colibri-id=\"53-c10\" class=\"h-accordion-item h-accordion-item-first-child style-530 style-local-53-c10 position-relative h-element\">\n                    <!---->\n                    <a data-open-by-default=\"true\" href=\"#53-c10\" class=\"h-accordion-item-title d-flex align-items-center h-global-transition\">\n                      <!----><span>Comment se procurer une licence ?<\/span>\n                      <div class=\"h-accordion-item-title-normal-icon h-accordion-item-title-icon h-accordion-item-title-icon-right\"><span class=\"h-svg-icon\"><!--Icon by Icons8 Line Awesome (https:\/\/icons8.com\/line-awesome)--><svg version=\"1.1\" xmlns=\"http:\/\/www.w3.org\/2000\/svg\" xmlns:xlink=\"http:\/\/www.w3.org\/1999\/xlink\" id=\"plus\" viewBox=\"0 0 512 545.5\"><path d=\"M240 112h32v160h160v32H272v160h-32V304H80v-32h160V112z\"><\/path><\/svg><\/span><\/div>\n                      <div class=\"h-accordion-item-title-active-icon h-accordion-item-title-icon h-accordion-item-title-icon-right\"><span class=\"h-svg-icon\"><!--Icon by Icons8 Line Awesome (https:\/\/icons8.com\/line-awesome)--><svg version=\"1.1\" xmlns=\"http:\/\/www.w3.org\/2000\/svg\" xmlns:xlink=\"http:\/\/www.w3.org\/1999\/xlink\" id=\"minus\" viewBox=\"0 0 512 545.5\"><path d=\"M80 272h352v32H80v-32z\"><\/path><\/svg><\/span><\/div>\n                    <\/a>\n                    <div id=\"53-c10\" class=\"h-accordion-item-content__container\">\n                      <div class=\"w-100 h-y-container h-accordion-item-content\">\n                        <!---->\n                        <div data-colibri-id=\"53-c11\" class=\"h-text h-text-component style-531 style-local-53-c11 position-relative h-element\">\n                          <!---->\n                          <!---->\n                          <div class=\"\">\n                            <p>Il suffit de cliquer sur l&rsquo;un des boutons \u00ab\u00a0Acheter\u00a0\u00bb sur ce site ou via l&rsquo;onglet tarifs.<\/p>\n                            <p>Une fois votre achat effectu\u00e9, vous recevrez une facture qui contiendra un num\u00e9ro qui vous permettra d\u2019activer votre num\u00e9ro de s\u00e9rie.<\/p>\n                            <p>Vous pourrez ensuite utiliser toutes les fonctionnalit\u00e9s du logiciel.<\/p>\n                            <p>\n                              <br>\n                            <\/p>\n                          <\/div>\n                        <\/div>\n                      <\/div>\n                    <\/div>\n                  <\/div>\n                  <div data-colibri-id=\"53-c12\" class=\"h-accordion-item style-532 style-local-53-c12 position-relative h-element\">\n                    <!---->\n                    <a data-open-by-default=\"false\" href=\"#53-c12\" class=\"h-accordion-item-title d-flex align-items-center h-global-transition\">\n                      <!----><span>Qu\u2019est ce que l\u2019activation du logiciel ?<\/span>\n                      <div class=\"h-accordion-item-title-normal-icon h-accordion-item-title-icon h-accordion-item-title-icon-right\"><span class=\"h-svg-icon\"><!--Icon by Icons8 Line Awesome (https:\/\/icons8.com\/line-awesome)--><svg version=\"1.1\" xmlns=\"http:\/\/www.w3.org\/2000\/svg\" xmlns:xlink=\"http:\/\/www.w3.org\/1999\/xlink\" id=\"plus\" viewBox=\"0 0 512 545.5\"><path d=\"M240 112h32v160h160v32H272v160h-32V304H80v-32h160V112z\"><\/path><\/svg><\/span><\/div>\n                      <div class=\"h-accordion-item-title-active-icon h-accordion-item-title-icon h-accordion-item-title-icon-right\"><span class=\"h-svg-icon\"><!--Icon by Icons8 Line Awesome (https:\/\/icons8.com\/line-awesome)--><svg version=\"1.1\" xmlns=\"http:\/\/www.w3.org\/2000\/svg\" xmlns:xlink=\"http:\/\/www.w3.org\/1999\/xlink\" id=\"minus\" viewBox=\"0 0 512 545.5\"><path d=\"M80 272h352v32H80v-32z\"><\/path><\/svg><\/span><\/div>\n                    <\/a>\n                    <div id=\"53-c12\" class=\"h-accordion-item-content__container\">\n                      <div class=\"w-100 h-y-container h-accordion-item-content\">\n                        <!---->\n                        <div data-colibri-id=\"53-c13\" class=\"h-text h-text-component style-533 style-local-53-c13 position-relative h-element\">\n                          <!---->\n                          <!---->\n                          <div class=\"\">\n                            <p><span style=\"font-weight: 400; font-size: 16px; font-family: &quot;Open Sans&quot;; color: rgb(64, 85, 169);\">L\u2019activation du logiciel est la preuve de votre achat.<\/span>\n                              <br><span style=\"font-weight: 400; font-size: 16px; font-family: &quot;Open Sans&quot;; color: rgb(64, 85, 169);\">Vous ne pouvez activez le logiciel que sur une seule machine \u00e0 la fois.<\/span><\/p>\n                          <\/div>\n                        <\/div>\n                      <\/div>\n                    <\/div>\n                  <\/div>\n                  <div data-colibri-id=\"53-c14\" class=\"h-accordion-item style-534 style-local-53-c14 position-relative h-element\">\n                    <!---->\n                    <a data-open-by-default=\"false\" href=\"#53-c14\" class=\"h-accordion-item-title d-flex align-items-center h-global-transition\">\n                      <!----><span>Je veux changer de machine, que dois je faire ?<\/span>\n                      <div class=\"h-accordion-item-title-normal-icon h-accordion-item-title-icon h-accordion-item-title-icon-right\"><span class=\"h-svg-icon\"><!--Icon by Icons8 Line Awesome (https:\/\/icons8.com\/line-awesome)--><svg version=\"1.1\" xmlns=\"http:\/\/www.w3.org\/2000\/svg\" xmlns:xlink=\"http:\/\/www.w3.org\/1999\/xlink\" id=\"plus\" viewBox=\"0 0 512 545.5\"><path d=\"M240 112h32v160h160v32H272v160h-32V304H80v-32h160V112z\"><\/path><\/svg><\/span><\/div>\n                      <div class=\"h-accordion-item-title-active-icon h-accordion-item-title-icon h-accordion-item-title-icon-right\"><span class=\"h-svg-icon\"><!--Icon by Icons8 Line Awesome (https:\/\/icons8.com\/line-awesome)--><svg version=\"1.1\" xmlns=\"http:\/\/www.w3.org\/2000\/svg\" xmlns:xlink=\"http:\/\/www.w3.org\/1999\/xlink\" id=\"minus\" viewBox=\"0 0 512 545.5\"><path d=\"M80 272h352v32H80v-32z\"><\/path><\/svg><\/span><\/div>\n                    <\/a>\n                    <div id=\"53-c14\" class=\"h-accordion-item-content__container\">\n                      <div class=\"w-100 h-y-container h-accordion-item-content\">\n                        <!---->\n                        <div data-colibri-id=\"53-c15\" class=\"h-text h-text-component style-535 style-local-53-c15 position-relative h-element\">\n                          <!---->\n                          <!---->\n                          <div class=\"\">\n                            <p>Avant toute chose, vous devez d\u00e9sactiver votre num\u00e9ro de s\u00e9rie sur votre ancien ordinateur.<\/p>\n                            <p>Il est inutile de d\u00e9sinstaller PdfStamper de votre ordinateur.<\/p>\n                            <p>Ensuite, il suffira de l\u2019activer sur votre nouvelle machine, avec votre nom d\u2019utilisateur et votre num\u00e9ro de s\u00e9rie, que vous avez re\u00e7u avec votre facture d\u2019achat.<\/p>\n                          <\/div>\n                        <\/div>\n                      <\/div>\n                    <\/div>\n                  <\/div>\n                  <div data-colibri-id=\"53-c19\" class=\"h-accordion-item style-539 style-local-53-c19 position-relative h-element\">\n                    <!---->\n                    <a data-open-by-default=\"false\" href=\"#53-c19\" class=\"h-accordion-item-title d-flex align-items-center h-global-transition\">\n                      <!----><span>Windows me demande de d\u00e9sactiver la virtualisation : que faire ?<\/span>\n                      <div class=\"h-accordion-item-title-normal-icon h-accordion-item-title-icon h-accordion-item-title-icon-right\"><span class=\"h-svg-icon\"><!--Icon by Icons8 Line Awesome (https:\/\/icons8.com\/line-awesome)--><svg version=\"1.1\" xmlns=\"http:\/\/www.w3.org\/2000\/svg\" xmlns:xlink=\"http:\/\/www.w3.org\/1999\/xlink\" id=\"plus\" viewBox=\"0 0 512 545.5\"><path d=\"M240 112h32v160h160v32H272v160h-32V304H80v-32h160V112z\"><\/path><\/svg><\/span><\/div>\n                      <div class=\"h-accordion-item-title-active-icon h-accordion-item-title-icon h-accordion-item-title-icon-right\"><span class=\"h-svg-icon\"><!--Icon by Icons8 Line Awesome (https:\/\/icons8.com\/line-awesome)--><svg version=\"1.1\" xmlns=\"http:\/\/www.w3.org\/2000\/svg\" xmlns:xlink=\"http:\/\/www.w3.org\/1999\/xlink\" id=\"minus\" viewBox=\"0 0 512 545.5\"><path d=\"M80 272h352v32H80v-32z\"><\/path><\/svg><\/span><\/div>\n                    <\/a>\n                    <div id=\"53-c19\" class=\"h-accordion-item-content__container\">\n                      <div class=\"w-100 h-y-container h-accordion-item-content\">\n                        <!---->\n                        <div data-colibri-id=\"53-c20\" class=\"h-text h-text-component style-540 style-local-53-c20 position-relative h-element\">\n                          <!---->\n                          <!---->\n                          <div class=\"\">\n                            <p><strong>Pourquoi ?<\/strong>\n                              <br> PDFstamper int\u00e8gre une protection anti-virtualisation pour emp\u00eacher l\u2019ex\u00e9cution en machine virtuelle (VM). Sur certains PC, Windows active des composants de virtualisation (Hyper-V \/ VBS). Cela peut bloquer le lancement.<\/p>\n                            <p><strong>Deux solutions :<\/strong><\/p>\n                            <h4>Option A \u2014 D\u00e9sactiver la virtualisation c\u00f4t\u00e9 Windows (recommand\u00e9)<\/h4>\n                            <p>Moins intrusif que le BIOS, et r\u00e9versible en 1 clic.<\/p>\n                            <ol>\n                              <li>Ouvrez <strong>Param\u00e8tres<\/strong> \u2192 <strong>Confidentialit\u00e9 et s\u00e9curit\u00e9<\/strong> \u2192 <strong>S\u00e9curit\u00e9 Windows<\/strong> \u2192 <strong>S\u00e9curit\u00e9 de l\u2019appareil<\/strong> \u2192 <strong>Isolation du noyau<\/strong> \u2192 mettez <strong>Int\u00e9grit\u00e9 de la m\u00e9moire<\/strong>                                sur <strong>D\u00e9sactiv\u00e9<\/strong>, puis <strong>red\u00e9marrez<\/strong>.<\/li>\n                              <li>Dans <strong>Fonctionnalit\u00e9s Windows<\/strong> (tapez <em>\u201cFonctionnalit\u00e9s Windows\u201d<\/em> dans le menu D\u00e9marrer) : <strong>d\u00e9cochez<\/strong><\/li>\n                            <\/ol>\n                            <ul>\n                              <li class=\"ql-indent-1\"><strong>Hyper-V<\/strong><\/li>\n                              <li class=\"ql-indent-1\"><strong>Plateforme de machine virtuelle<\/strong><\/li>\n                              <li class=\"ql-indent-1\"><strong>Plateforme Hyperviseur Windows<\/strong>\n                                <br> Validez et <strong>red\u00e9marrez<\/strong>.<\/li>\n                            <\/ul>\n                            <ol>\n                              <li>(Alternative avanc\u00e9e) <strong>PowerShell en admin<\/strong> \u2192 bcdedit \/set hypervisorlaunchtype off \u2192 <strong>red\u00e9marrez<\/strong>.<\/li>\n                              <li>Pour r\u00e9activer plus tard : bcdedit \/set hypervisorlaunchtype auto<\/li>\n                            <\/ol>\n                            <p>\u26a0\ufe0f Effet de bord possible : WSL2, Docker Desktop, \u00e9mulateurs Android ou VMs (VirtualBox\/VMware) ne fonctionneront plus tant que ces options sont d\u00e9sactiv\u00e9es.<\/p>\n                            <h4>Option B \u2014 D\u00e9sactiver la virtualisation dans le BIOS\/UEFI<\/h4>\n                            <p>\u00c0 faire seulement si l\u2019Option A ne suffit pas.<\/p>\n                            <ol>\n                              <li><strong>Red\u00e9marrez<\/strong> le PC \u2192 entrez dans l\u2019UEFI\/BIOS (touches fr\u00e9quentes : <strong>Del<\/strong>, <strong>F2<\/strong>, <strong>F10<\/strong>, <strong>Esc<\/strong> ; sur Windows : <strong>Param\u00e8tres<\/strong> \u2192 <strong>Syst\u00e8me<\/strong>                                \u2192 <strong>R\u00e9cup\u00e9ration<\/strong> \u2192 <strong>D\u00e9marrage avanc\u00e9<\/strong> \u2192 <strong>Red\u00e9marrer maintenant<\/strong> \u2192 <strong>D\u00e9pannage<\/strong> \u2192 <strong>Options avanc\u00e9es<\/strong> \u2192 <strong>Param\u00e8tres du microprogramme UEFI<\/strong>).<\/li>\n                              <li>Dans l\u2019UEFI\/BIOS, cherchez l\u2019option de virtualisation :<\/li>\n                            <\/ol>\n                            <ul>\n                              <li class=\"ql-indent-1\"><strong>Intel<\/strong> : <em>Intel\u00ae Virtualization Technology (VT-x)<\/em> \u2192 <strong>Disabled<\/strong><\/li>\n                              <li class=\"ql-indent-1\"><strong>AMD<\/strong> : <em>SVM Mode<\/em> \/ <em>AMD-V<\/em> \u2192 <strong>Disabled<\/strong>\n                                <br> (Parfois aussi <strong>VT-d<\/strong> \/ <strong>IOMMU<\/strong> : d\u00e9sactivez si n\u00e9cessaire.)<\/li>\n                            <\/ul>\n                            <ol>\n                              <li><strong>Save &amp; Exit<\/strong> (souvent <strong>F10<\/strong>), confirmez, laissez le PC <strong>red\u00e9marrer<\/strong>.<\/li>\n                            <\/ol>\n                            <p><strong>Puis-je r\u00e9activer plus tard ?<\/strong>\n                              <br> Oui. Remettez les r\u00e9glages comme avant (Windows : recocher les fonctionnalit\u00e9s \/ remettre <em>Int\u00e9grit\u00e9 de la m\u00e9moire<\/em> sur <strong>Activ\u00e9<\/strong> ; BIOS : repasser VT-x\/SVM sur <strong>Enabled<\/strong>).<\/p>\n                            <p><strong>Note s\u00e9curit\u00e9<\/strong>\n                              <br> D\u00e9sactiver ces fonctions peut r\u00e9duire certaines protections Windows (isolation du noyau). Si vous utilisez WSL2, Docker, des VMs ou des \u00e9mulateurs, privil\u00e9giez l\u2019<strong>Option A<\/strong> et r\u00e9activez uniquement ce dont\n                              vous avez besoin apr\u00e8s avoir utilis\u00e9 PDFstamper.<\/p>\n                          <\/div>\n                        <\/div>\n                      <\/div>\n                    <\/div>\n                  <\/div>\n                <\/div>\n              <\/div>\n            <\/div>\n          <\/div>\n        <\/div>\n      <\/div>\n    <\/div>\n  <\/div>\n<\/div>","protected":false},"excerpt":{"rendered":"<p>Questions fr\u00e9quentes Comment se procurer une licence ? Il suffit de cliquer sur l&rsquo;un des boutons \u00ab\u00a0Acheter\u00a0\u00bb sur ce site ou via l&rsquo;onglet tarifs. Une fois votre achat effectu\u00e9, vous recevrez une facture qui contiendra un num\u00e9ro qui vous permettra d\u2019activer votre num\u00e9ro de s\u00e9rie. Vous pourrez ensuite utiliser toutes les fonctionnalit\u00e9s du logiciel. Qu\u2019est [&hellip;]<\/p>\n","protected":false},"author":2,"featured_media":0,"parent":0,"menu_order":0,"comment_status":"closed","ping_status":"closed","template":"page-templates\/full-width-page.php","meta":{"footnotes":""},"class_list":["post-53","page","type-page","status-publish","hentry"],"_links":{"self":[{"href":"https:\/\/pdfstamper.fr\/index.php\/wp-json\/wp\/v2\/pages\/53","targetHints":{"allow":["GET"]}}],"collection":[{"href":"https:\/\/pdfstamper.fr\/index.php\/wp-json\/wp\/v2\/pages"}],"about":[{"href":"https:\/\/pdfstamper.fr\/index.php\/wp-json\/wp\/v2\/types\/page"}],"author":[{"embeddable":true,"href":"https:\/\/pdfstamper.fr\/index.php\/wp-json\/wp\/v2\/users\/2"}],"replies":[{"embeddable":true,"href":"https:\/\/pdfstamper.fr\/index.php\/wp-json\/wp\/v2\/comments?post=53"}],"version-history":[{"count":2,"href":"https:\/\/pdfstamper.fr\/index.php\/wp-json\/wp\/v2\/pages\/53\/revisions"}],"predecessor-version":[{"id":328,"href":"https:\/\/pdfstamper.fr\/index.php\/wp-json\/wp\/v2\/pages\/53\/revisions\/328"}],"wp:attachment":[{"href":"https:\/\/pdfstamper.fr\/index.php\/wp-json\/wp\/v2\/media?parent=53"}],"curies":[{"name":"wp","href":"https:\/\/api.w.org\/{rel}","templated":true}]}}